{"id":257,"date":"2021-08-12T16:47:49","date_gmt":"2021-08-12T16:47:49","guid":{"rendered":"http:\/\/emcapitalgroup.net\/?page_id=257"},"modified":"2024-07-29T12:29:20","modified_gmt":"2024-07-29T17:29:20","slug":"team","status":"publish","type":"page","link":"https:\/\/matheusinternational.com\/es\/team\/","title":{"rendered":"Team"},"content":{"rendered":"<p>[vc_row el_class=\u00bbhome-sec5&#8243;][vc_column][vc_column_text css_animation=\u00bbnone\u00bb]<\/p>\n<h2 style=\"text-align: center;\">EQUIPO<\/h2>\n<p>&nbsp;<\/p>\n<p>[\/vc_column_text][vc_single_image image=\u00bb605&#8243; img_size=\u00bbmedium\u00bb alignment=\u00bbcenter\u00bb][vc_column_text el_class=\u00bbmp\u00bb]<strong>Ralph Matheus &#8211; Fundador &#8211; Matheus International LLC<\/strong> est\u00e1 dirigido por Ralph Matheus, quien cuenta con 37 a\u00f1os de experiencia en finanzas internacionales, banca de inversi\u00f3n, banca corporativa y banca de desarrollo. El Sr. Matheus trabaj\u00f3 para la Corporaci\u00f3n Financiera de Desarrollo Internacional de EE. UU. (DFC, antes conocida como OPIC) en m\u00faltiples puestos durante veintisiete a\u00f1os, incluido el de Vicepresidente de Finanzas, que supervisaba todas las actividades de inversi\u00f3n financiera de la corporaci\u00f3n con un enfoque en proyectos de infraestructura y \u201cProject Finance\u201d, el de Director de Riesgos supervisando una cartera de USD 20 000 millones, DG para Pol\u00edtica de Cr\u00e9dito que incluy\u00f3 presidir su Comit\u00e9 de Cr\u00e9dito, DG en originar una amplia gama de transacciones de financiamiento de proyectos, infraestructura y financiamiento estructurado, DG responsable de establecer y administrar dos funciones de monitoreo separadas responsables de inversiones en infraestructura y finanzas, y como DG del grupo de capacitaci\u00f3n de la DFC. El Sr. Matheus tambi\u00e9n cre\u00f3 y dirigi\u00f3 las plataformas de sindicaci\u00f3n y movilizaci\u00f3n de capital de la DFC, que se centraron en atraer inversores institucionales estadounidenses y europeos para las transacciones de mercados emergentes originadas por OPIC \/ DFC. Antes de OPIC \/ DFC, el Sr. Matheus trabaj\u00f3 en el departamento de Banca de Inversiones de NYC Dai-Ichi Kangyo Bank, enfoc\u00e1ndose en el financiamiento de adquisiciones apalancadas e inversiones en Euromercados y tanto en Nueva York como en Boston para Bank for Boston en adquisiciones apalancadas del mercado intermedio. El Sr. Matheus fue director financiero de una empresa emergente de energ\u00eda enfocada en mercados emergentes y ha estado involucrado en otras actividades empresariales. El Sr. Matheus est\u00e1 en el directorio de dos empresas colombianas. El Sr. Matheus habla perfectamente ingl\u00e9s, espa\u00f1ol y franc\u00e9s. El Sr. Matheus obtuvo una licenciatura en Econom\u00eda y un MBA de la American University en Washington DC. El Sr. Matheus estudi\u00f3 franc\u00e9s en la Universit\u00e9 de Reims, en Francia. Es originario de Washington DC. \u00c1rea metropolitana.<\/p>\n<p>[\/vc_column_text][vc_single_image image=\u00bb604&#8243; img_size=\u00bbmedium\u00bb alignment=\u00bbcenter\u00bb][vc_column_text el_class=\u00bbmp\u00bb]<strong>Carlos Montoya &#8211; Director Comercial &#8211; <\/strong>Ingeniero civil con 40 a\u00f1os de experiencia. Estructurador de proyectos de concesiones viales y f\u00e9rreas bajo el esquema de Asociaciones P\u00fablico Privadas en Colombia, ley 1508 de 2012, en alianza con fondos de capital privado de Suiza y trading de B\u00e9lgica.<\/p>\n<ul>\n<li>Desarrollador de proyectos con el sector oficial, Gobierno Nacional y Departamental de Colombia. Coordinador de la elaboraci\u00f3n de licitaciones p\u00fablicas.<\/li>\n<li>Gerencia t\u00e9cnica y financiera de proyectos de infraestructura vial, proyectos inmobiliarios y de ingenier\u00eda civil.<\/li>\n<li>Coordinador de construcci\u00f3n de proyectos habitacionales.<\/li>\n<li>Coordinador de personal de direcci\u00f3n, dise\u00f1os y construcci\u00f3n de obras civiles y de vivienda de inter\u00e9s social. Legislaci\u00f3n de vivienda de inter\u00e9s social. Aplicaci\u00f3n de subsidios de vivienda de inter\u00e9s social otorgados por las cajas de compensaci\u00f3n familiar y el Gobierno Colombiano.<\/li>\n<li>Plan de gesti\u00f3n profesional. Proyecci\u00f3n de empresas de Ingenier\u00eda Civil, Geot\u00e9cnia, Metalmec\u00e1nica, Ingenier\u00eda Industrial, para su incorporaci\u00f3n en el programa de modernizaci\u00f3n de la refiner\u00eda de Barrancabermeja, Colombia.<\/li>\n<li>Premio Nacional de Ingenier\u00eda, otorgado por la Sociedad Colombiana de Ingenieros en el a\u00f1o de 2004.<\/li>\n<\/ul>\n<p>[\/vc_column_text][vc_column_text el_class=\u00bbmp\u00bb]<strong>Equipos de transacciones<\/strong><\/p>\n<p>&nbsp;<\/p>\n<p>Matheus International organiza equipos de transacciones con funcionarios experimentados en el caso por caso, incluido el modelado financiero. A\u00fan con la participaci\u00f3n de un equipo de transacciones, el fundador y director ejecutivo de Matheus International gestiona toda la tarea transaccional y de asesoramiento.[\/vc_column_text][\/vc_column][\/vc_row]<\/p>\n","protected":false},"excerpt":{"rendered":"<p>[vc_row el_class=\u00bbhome-sec5&#8243;][vc_column][vc_column_text css_animation=\u00bbnone\u00bb] EQUIPO &nbsp; [\/vc_column_text][vc_single_image image=\u00bb605&#8243; img_size=\u00bbmedium\u00bb alignment=\u00bbcenter\u00bb][vc_column_text el_class=\u00bbmp\u00bb]Ralph Matheus &#8211; Fundador &#8211; Matheus International LLC est\u00e1 dirigido por Ralph Matheus, quien cuenta con 37 a\u00f1os de experiencia en finanzas internacionales, banca de inversi\u00f3n, banca corporativa y banca de desarrollo. El Sr. Matheus trabaj\u00f3 para la Corporaci\u00f3n Financiera de Desarrollo Internacional de EE. UU. [&hellip;]<\/p>\n","protected":false},"author":1,"featured_media":0,"parent":0,"menu_order":0,"comment_status":"closed","ping_status":"closed","template":"","meta":{"footnotes":""},"_links":{"self":[{"href":"https:\/\/matheusinternational.com\/es\/wp-json\/wp\/v2\/pages\/257"}],"collection":[{"href":"https:\/\/matheusinternational.com\/es\/wp-json\/wp\/v2\/pages"}],"about":[{"href":"https:\/\/matheusinternational.com\/es\/wp-json\/wp\/v2\/types\/page"}],"author":[{"embeddable":true,"href":"https:\/\/matheusinternational.com\/es\/wp-json\/wp\/v2\/users\/1"}],"replies":[{"embeddable":true,"href":"https:\/\/matheusinternational.com\/es\/wp-json\/wp\/v2\/comments?post=257"}],"version-history":[{"count":28,"href":"https:\/\/matheusinternational.com\/es\/wp-json\/wp\/v2\/pages\/257\/revisions"}],"predecessor-version":[{"id":606,"href":"https:\/\/matheusinternational.com\/es\/wp-json\/wp\/v2\/pages\/257\/revisions\/606"}],"wp:attachment":[{"href":"https:\/\/matheusinternational.com\/es\/wp-json\/wp\/v2\/media?parent=257"}],"curies":[{"name":"wp","href":"https:\/\/api.w.org\/{rel}","templated":true}]}}