{"id":226,"date":"2021-08-12T14:48:08","date_gmt":"2021-08-12T14:48:08","guid":{"rendered":"http:\/\/emcapitalgroup.net\/?page_id=226"},"modified":"2024-01-30T21:27:37","modified_gmt":"2024-01-31T02:27:37","slug":"services-2","status":"publish","type":"page","link":"https:\/\/matheusinternational.com\/es\/services-2\/","title":{"rendered":"Services"},"content":{"rendered":"<p>[vc_row el_class=\u00bbhome-sec5&#8243;][vc_column][vc_column_text css_animation=\u00bbnone\u00bb el_class=\u00bbem-our\u00bb]<\/p>\n<h2 style=\"text-align: center;\">SERVICIOS<\/h2>\n<h2 style=\"text-align: center;\"><\/h2>\n<p>[\/vc_column_text][vc_column_text el_class=\u00bbmp\u00bb]<strong>Trabajo de Asesoramiento Transaccional:<\/strong> Matheus International ofrece un trabajo detallado de asesoramiento transaccional en una amplia gama de clases de activos, desde la consulta b\u00e1sica sobre la viabilidad del proyecto hasta la generaci\u00f3n de memorandos de colocaci\u00f3n de proyectos y libros de lanzamiento efectivos, estructuraci\u00f3n de capital y deuda sobre la obtenci\u00f3n de capital durante la originaci\u00f3n, durante la fase de gesti\u00f3n de cr\u00e9dito y sobre activos deteriorados. Su capacidad para ofrecer servicios de asesor\u00eda se bas\u00f3 en puestos de liderazgo y experiencia transaccional pr\u00e1ctica y sustantiva en todo el espectro del ciclo de vida del proyecto.[\/vc_column_text][vc_column_text el_class=\u00bbmp\u00bb]<\/p>\n<p><strong>Recaudaci\u00f3n de Capital: <\/strong>el equipo de administraci\u00f3n de Matheus International ha trabajado en inversiones en mercados emergentes por m\u00e1s de USD 15 000 millones y ha sido directamente responsable de la administraci\u00f3n de cr\u00e9dito para una cartera de infraestructura, financiamiento de proyectos, transacciones respaldadas por activos, bancos y otras instituciones financieras por m\u00e1s de USD 9000 millones.<strong><br \/>\n<\/strong><\/p>\n<p>&nbsp;<\/p>\n<p>&nbsp;<\/p>\n<ul>\n<li>Preparaci\u00f3n detallada del plan de negocios dise\u00f1ado para presentaciones efectivas como parte de sus capacidades de colocaci\u00f3n de acciones y deudas en m\u00faltiples clases de activos.<\/li>\n<\/ul>\n<p>&nbsp;<\/p>\n<ul>\n<li>La estructuraci\u00f3n crediticia personalizada a nivel experto da como resultado capital eficiente, rentable y de largo plazo para los clientes con tiempos de ejecuci\u00f3n r\u00e1pidos de aprobaci\u00f3n de cr\u00e9dito, compromiso, cierre financiero y desembolso.<\/li>\n<\/ul>\n<p>&nbsp;<\/p>\n<ul>\n<li>Capacidad para personalizar transacciones para satisfacer necesidades de inversi\u00f3n particulares, incluyendo coberturas de garant\u00eda de cr\u00e9dito total o parcial, asesoramiento sobre transacciones respaldadas por activos y emisiones de mercados de capital de RMB y transacciones CLO.<\/li>\n<\/ul>\n<p>&nbsp;<\/p>\n<ul>\n<li>El enfoque de transacciones liderado por el CEO asegura una estructura de capital y cr\u00e9dito a nivel de experto en cada transacci\u00f3n.<\/li>\n<\/ul>\n<p>&nbsp;<\/p>\n<ul>\n<li>Una s\u00f3lida red de colocaci\u00f3n en todas las principales DFI, grupos de capital privado, bancos principales y locales, agencias de desarrollo de EE. UU. y Europa y todos los inversores clave de mercados emergentes en EE. UU., Europa y Asia que proporcionan capital social, deuda principal y subordinada, asistencia t\u00e9cnica, estudios de viabilidad, subvenciones y financiamiento en condiciones favorables.<\/li>\n<\/ul>\n<p>[\/vc_column_text][\/vc_column][\/vc_row][vc_row full_width=\u00bbstretch_row\u00bb el_class=\u00bbhome-sec3&#8243;][vc_column][vc_column_text css_animation=\u00bbflipInY\u00bb]<\/p>\n<div class=\"wpb_text_column wpb_content_element wpb_animate_when_almost_visible wpb_flipInY flipInY\">\n<div class=\"wpb_wrapper\">\n<h2 style=\"text-align: center;\">Clases de activos<\/h2>\n<\/div>\n<\/div>\n<p>[\/vc_column_text][vc_row_inner el_class=\u00bbmservice1&#8243;][vc_column_inner width=\u00bb1\/3&#8243; css=\u00bb.vc_custom_1630696509408{background-image: url(https:\/\/matheusinternational.com\/es\/wp-content\/uploads\/2021\/08\/windfarm.jpg?id=368) !important;}\u00bb][vc_column_text]<\/p>\n<div class=\"wpb_column vc_column_container vc_col-sm-4 vc_col-has-fill\">\n<div class=\"vc_column-inner vc_custom_1630696232769\">\n<div class=\"wpb_wrapper\">\n<div class=\"wpb_text_column wpb_content_element \">\n<div class=\"wpb_wrapper\">\n<h2 style=\"text-align: center;\">GENERACI\u00d3N DE ENERG\u00cdA<\/h2>\n<\/div>\n<\/div>\n<\/div>\n<\/div>\n<\/div>\n<p>[\/vc_column_text][\/vc_column_inner][vc_column_inner width=\u00bb1\/3&#8243; css=\u00bb.vc_custom_1630696493960{background-image: url(https:\/\/matheusinternational.com\/es\/wp-content\/uploads\/2021\/08\/infrastructure.jpg?id=371) !important;}\u00bb][vc_column_text]<\/p>\n<div class=\"wpb_column vc_column_container vc_col-sm-4 vc_col-has-fill\">\n<div class=\"vc_column-inner vc_custom_1630696259032\">\n<div class=\"wpb_wrapper\">\n<div class=\"wpb_text_column wpb_content_element \">\n<div class=\"wpb_wrapper\">\n<h2 style=\"text-align: center;\">INFRAESTRUCTURA<\/h2>\n<\/div>\n<\/div>\n<\/div>\n<\/div>\n<\/div>\n<p>[\/vc_column_text][\/vc_column_inner][vc_column_inner width=\u00bb1\/3&#8243; css=\u00bb.vc_custom_1629994336103{background-image: url(https:\/\/matheusinternational.com\/es\/wp-content\/uploads\/2021\/08\/financial-institutions.jpg?id=370) !important;}\u00bb][vc_column_text]<\/p>\n<div class=\"vc_row wpb_row vc_inner vc_row-fluid mservice1\">\n<div class=\"wpb_column vc_column_container vc_col-sm-4 vc_col-has-fill\">\n<div class=\"vc_column-inner vc_custom_1629994336103\">\n<div class=\"wpb_wrapper\">\n<div class=\"wpb_text_column wpb_content_element \">\n<div class=\"wpb_wrapper\">\n<h2 style=\"text-align: center;\">INSTITUCIONES FINANCIERAS<\/h2>\n<\/div>\n<\/div>\n<\/div>\n<\/div>\n<\/div>\n<\/div>\n<p>[\/vc_column_text][\/vc_column_inner][\/vc_row_inner][vc_row_inner el_class=\u00bbmservice1&#8243;][vc_column_inner width=\u00bb1\/3&#8243; css=\u00bb.vc_custom_1629994369271{background-image: url(https:\/\/matheusinternational.com\/es\/wp-content\/uploads\/2021\/08\/ecommerce.jpg?id=369) !important;}\u00bb][vc_column_text]<\/p>\n<div class=\"wpb_column vc_column_container vc_col-sm-4 vc_col-has-fill\">\n<div class=\"vc_column-inner vc_custom_1629994369271\">\n<div class=\"wpb_wrapper\">\n<div class=\"wpb_text_column wpb_content_element \">\n<div class=\"wpb_wrapper\">\n<h2 style=\"text-align: center;\">COMERCIO ELECTR\u00d3NICO\/ EMPRESA A EMPRESA\/ FINTECH<\/h2>\n<\/div>\n<\/div>\n<\/div>\n<\/div>\n<\/div>\n<p>[\/vc_column_text][\/vc_column_inner][vc_column_inner width=\u00bb1\/3&#8243; css=\u00bb.vc_custom_1629997835512{background-image: url(https:\/\/matheusinternational.com\/es\/wp-content\/uploads\/2021\/08\/microfinance.jpg?id=374) !important;}\u00bb][vc_column_text]<\/p>\n<div class=\"wpb_column vc_column_container vc_col-sm-4 vc_col-has-fill\">\n<div class=\"vc_column-inner vc_custom_1629997835512\">\n<div class=\"wpb_wrapper\">\n<div class=\"wpb_text_column wpb_content_element \">\n<div class=\"wpb_wrapper\">\n<h2 style=\"text-align: center;\">INCLUSI\u00d3N FINANCIERA<\/h2>\n<\/div>\n<\/div>\n<\/div>\n<\/div>\n<\/div>\n<p>[\/vc_column_text][\/vc_column_inner][vc_column_inner width=\u00bb1\/3&#8243; css=\u00bb.vc_custom_1630362557375{background-image: url(https:\/\/matheusinternational.com\/es\/wp-content\/uploads\/2021\/08\/colombia-coffee-picker-exports.png?id=453) !important;}\u00bb][vc_column_text]<\/p>\n<h2 style=\"text-align: center;\">AGRICULTURA<\/h2>\n<p>[\/vc_column_text][\/vc_column_inner][\/vc_row_inner][\/vc_column][\/vc_row]<\/p>\n","protected":false},"excerpt":{"rendered":"<p>[vc_row el_class=\u00bbhome-sec5&#8243;][vc_column][vc_column_text css_animation=\u00bbnone\u00bb el_class=\u00bbem-our\u00bb] SERVICIOS [\/vc_column_text][vc_column_text el_class=\u00bbmp\u00bb]Trabajo de Asesoramiento Transaccional: Matheus International ofrece un trabajo detallado de asesoramiento transaccional en una amplia gama de clases de activos, desde la consulta b\u00e1sica sobre la viabilidad del proyecto hasta la generaci\u00f3n de memorandos de colocaci\u00f3n de proyectos y libros de lanzamiento efectivos, estructuraci\u00f3n de capital y deuda [&hellip;]<\/p>\n","protected":false},"author":1,"featured_media":0,"parent":0,"menu_order":0,"comment_status":"closed","ping_status":"closed","template":"","meta":{"footnotes":""},"_links":{"self":[{"href":"https:\/\/matheusinternational.com\/es\/wp-json\/wp\/v2\/pages\/226"}],"collection":[{"href":"https:\/\/matheusinternational.com\/es\/wp-json\/wp\/v2\/pages"}],"about":[{"href":"https:\/\/matheusinternational.com\/es\/wp-json\/wp\/v2\/types\/page"}],"author":[{"embeddable":true,"href":"https:\/\/matheusinternational.com\/es\/wp-json\/wp\/v2\/users\/1"}],"replies":[{"embeddable":true,"href":"https:\/\/matheusinternational.com\/es\/wp-json\/wp\/v2\/comments?post=226"}],"version-history":[{"count":62,"href":"https:\/\/matheusinternational.com\/es\/wp-json\/wp\/v2\/pages\/226\/revisions"}],"predecessor-version":[{"id":575,"href":"https:\/\/matheusinternational.com\/es\/wp-json\/wp\/v2\/pages\/226\/revisions\/575"}],"wp:attachment":[{"href":"https:\/\/matheusinternational.com\/es\/wp-json\/wp\/v2\/media?parent=226"}],"curies":[{"name":"wp","href":"https:\/\/api.w.org\/{rel}","templated":true}]}}