{"id":220,"date":"2021-08-12T14:47:19","date_gmt":"2021-08-12T14:47:19","guid":{"rendered":"http:\/\/emcapitalgroup.net\/?page_id=220"},"modified":"2024-02-10T14:38:26","modified_gmt":"2024-02-10T19:38:26","slug":"about","status":"publish","type":"page","link":"https:\/\/matheusinternational.com\/es\/about\/","title":{"rendered":"About"},"content":{"rendered":"<p>[vc_row el_class=\u00bbhome-sec5&#8243;][vc_column][vc_column_text css_animation=\u00bbnone\u00bb el_class=\u00bbem-our\u00bb]<\/p>\n<h2 style=\"text-align: center;\">SOBRE NOSTROS<\/h2>\n<h2 style=\"text-align: center;\"><\/h2>\n<p>[\/vc_column_text][vc_column_text el_class=\u00bbmp\u00bb]<strong>Matheus International LLC<\/strong> es una empresa boutique de asesor\u00eda financiera dedicada a brindar a los clientes de mercados emergentes soluciones personalizadas de asesoramiento en transacciones y aumento del capital enfocadas en el cliente. La gerencia ejecutiva de Matheus International tiene experiencia en m\u00e1s de quinientas transacciones en m\u00e1s de 60 mercados emergentes valuadas en m\u00e1s de USD 18 mil millones en m\u00faltiples clases de activos que incluyen infraestructura (generaci\u00f3n de energ\u00eda, carreteras de peaje, aeropuertos, puertos, miner\u00eda), financiamiento de proyectos que no son de infraestructura (hoteles, inmuebles, parques log\u00edsticos), transacciones respaldadas por activos (activo existente, RMBS y flujos futuros), instituciones financieras bancarias y no bancarias, inversi\u00f3n de impacto y activos en dificultades. Matheus International LLC tiene su sede en el \u00e1rea metropolitana de Washington DC y tiene oficinas en Medellin, Colombia.<\/p>\n<p>Matheus International opera en todos los mercados emergentes.<\/p>\n<p>Matheus International se ocupa de sus operaciones con el m\u00e1s alto nivel de integridad, particularmente en lo que se refiere a los servicios al cliente y el impacto local de una transacci\u00f3n propuesta en el pa\u00eds anfitri\u00f3n.<\/p>\n<p>Matheus International se compromete con las pautas ESG relativas al impacto de los financiamientos que realiza en nombre de los clientes. Matheus International realiza varios acuerdos de impacto de la inversi\u00f3n en el desarrollo sobre una base pro bono.<\/p>\n<p>Matheus International se diferencia de todas las dem\u00e1s empresas comparables en que no es una empresa de asesoramiento que opera al por mayor. Es una instituci\u00f3n boutique con detalles de enfoque l\u00e1ser y la participaci\u00f3n de su fundador y director general. Su fundador y director general se involucra directamente en cada detalle de cada transacci\u00f3n y tiene una experiencia incomparable en todas las facetas del ciclo de la transacci\u00f3n, que incluyen el origen, la gesti\u00f3n de cr\u00e9dito, la capacitaci\u00f3n, incluida la experiencia como jefe de un departamento de infraestructura y financiamiento de proyectos para una Instituci\u00f3n Financiera de Desarrollo (DFI) l\u00edder, Director de un importante departamento de pol\u00edtica crediticia de DFI que presidi\u00f3 el Comit\u00e9 de Cr\u00e9dito y como Director de Riesgos de un importante inversor de mercados emergentes y tiene una importante experiencia en banca corporativa y de inversi\u00f3n en EE. UU. Como resultado, los clientes se benefician de la experiencia pr\u00e1ctica real en estructuraci\u00f3n, originaci\u00f3n y gesti\u00f3n de cr\u00e9dito, lo que da como resultado un capital mejor, m\u00e1s rentable, a m\u00e1s largo plazo y m\u00e1s eficiente. El modelo comercial de Matheus International no se basa en un enfoque comercial impulsado por el volumen y una filosof\u00eda de \u00abcierre financiero a todo costa\u00bb para generar una tarifa de colocaci\u00f3n \/ transacci\u00f3n para su propia cuenta, sino en obtener los mejores resultados para sus clientes y garantizar\u00e1 una s\u00f3lida relaci\u00f3n continua con el inversor.<\/p>\n<p>Matheus International tiene acceso a todas las principales instituciones financieras de desarrollo, grupos de capital privado, bancos principales y locales, agencias de desarrollo de EE. UU. y Europa y todos los inversores clave de mercados emergentes en EE. UU., Europa y Asia que proporcionan capital social, deuda senior y subordinada, asistencia t\u00e9cnica, estudios de viabilidad, subvenciones y financiamiento concesionario. Matheus International, incluida su subsidiaria Colombiana, no suscribe ninguna transacci\u00f3n de valores y, por lo tanto, no act\u00faa como un banco de inversi\u00f3n en t\u00e9rminos de suscripci\u00f3n de transacciones de capital o deuda. Adem\u00e1s, Matheus International no es un corredor de bolsa. En las transacciones que requieran un corredor de bolsa, Matheus International remitir\u00e1 la tarea a un corredor de bolsa de EE.UU., Europa o local.[\/vc_column_text][\/vc_column][\/vc_row]<\/p>\n","protected":false},"excerpt":{"rendered":"<p>[vc_row el_class=\u00bbhome-sec5&#8243;][vc_column][vc_column_text css_animation=\u00bbnone\u00bb el_class=\u00bbem-our\u00bb] SOBRE NOSTROS [\/vc_column_text][vc_column_text el_class=\u00bbmp\u00bb]Matheus International LLC es una empresa boutique de asesor\u00eda financiera dedicada a brindar a los clientes de mercados emergentes soluciones personalizadas de asesoramiento en transacciones y aumento del capital enfocadas en el cliente. La gerencia ejecutiva de Matheus International tiene experiencia en m\u00e1s de quinientas transacciones en m\u00e1s [&hellip;]<\/p>\n","protected":false},"author":1,"featured_media":0,"parent":0,"menu_order":0,"comment_status":"closed","ping_status":"closed","template":"","meta":{"footnotes":""},"_links":{"self":[{"href":"https:\/\/matheusinternational.com\/es\/wp-json\/wp\/v2\/pages\/220"}],"collection":[{"href":"https:\/\/matheusinternational.com\/es\/wp-json\/wp\/v2\/pages"}],"about":[{"href":"https:\/\/matheusinternational.com\/es\/wp-json\/wp\/v2\/types\/page"}],"author":[{"embeddable":true,"href":"https:\/\/matheusinternational.com\/es\/wp-json\/wp\/v2\/users\/1"}],"replies":[{"embeddable":true,"href":"https:\/\/matheusinternational.com\/es\/wp-json\/wp\/v2\/comments?post=220"}],"version-history":[{"count":73,"href":"https:\/\/matheusinternational.com\/es\/wp-json\/wp\/v2\/pages\/220\/revisions"}],"predecessor-version":[{"id":594,"href":"https:\/\/matheusinternational.com\/es\/wp-json\/wp\/v2\/pages\/220\/revisions\/594"}],"wp:attachment":[{"href":"https:\/\/matheusinternational.com\/es\/wp-json\/wp\/v2\/media?parent=220"}],"curies":[{"name":"wp","href":"https:\/\/api.w.org\/{rel}","templated":true}]}}