{"id":13,"date":"2021-07-28T16:01:04","date_gmt":"2021-07-28T16:01:04","guid":{"rendered":"http:\/\/emcapitalgroup.net\/?page_id=13"},"modified":"2024-06-28T15:26:23","modified_gmt":"2024-06-28T20:26:23","slug":"home","status":"publish","type":"page","link":"https:\/\/matheusinternational.com\/es\/","title":{"rendered":"home"},"content":{"rendered":"<p>[vc_row full_width=\u00bbstretch_row_content\u00bb css_animation=\u00bbfadeInLeft\u00bb el_class=\u00bbhome-sec1 banner\u00bb][vc_column css_animation=\u00bbfadeInLeft\u00bb]<style type=\"text\/css\">@media only screen and (min-width: 1300px) { #nectar-slider-instance-1, #nectar-slider-instance-1 .swiper-container { height: 650px; }  } @media only screen and (max-width: 1299px) { #nectar-slider-instance-1, #nectar-slider-instance-1 .swiper-container { height: 541.66666666667px; }  } @media only screen and (max-width: 1000px) { #nectar-slider-instance-1, #nectar-slider-instance-1 .swiper-container { height: 464.28571428571px; }  } @media only screen and (max-width: 690px) { #nectar-slider-instance-1, #nectar-slider-instance-1 .swiper-container { height: 240.74074074074px; }  } <\/style><div  data-transition=\"slide\" data-overall_style=\"classic\" data-flexible-height=\"\" data-animate-in-effect=\"none\" data-fullscreen=\"false\" data-button-sizing=\"regular\" data-button-styling=\"btn_with_count\" data-autorotate=\"\" data-parallax=\"false\" data-parallax-disable-mobile=\"\" data-caption-trans=\"fade_in_from_bottom\" data-parallax-style=\"bg_only\" data-bg-animation=\"none\" data-full-width=\"false\" class=\"nectar-slider-wrap \" id=\"nectar-slider-instance-1\"><div class=\"swiper-container\"  data-tho=\"auto\" data-tco=\"auto\" data-pho=\"auto\" data-pco=\"auto\" data-loop=\"false\" data-height=\"650\" data-min-height=\"\" data-arrows=\"false\" data-bullets=\"false\" data-bullet_style=\"see_through\" data-bullet_position=\"bottom\" data-desktop-swipe=\"false\" data-settings=\"\"> <div class=\"swiper-wrapper\"><div class=\"swiper-slide\" data-desktop-content-width=\"auto\" data-tablet-content-width=\"auto\" data-bg-alignment=\"center\" data-color-scheme=\"dark\" data-x-pos=\"left\" data-y-pos=\"middle\" ><div class=\"video-texture \"> <span class=\"ie-fix\"><\/span> <\/div>\r\n\t\t\t\t\t\t\t\t<div class=\"mobile-video-image\" style=\"background-image: url()\"> <span class=\"ie-fix\"><\/span>  <\/div>\r\n\t\t\t\t\t\t\t\t<div class=\"slide-bg-wrap\">\r\n\t\t\t\t\t\t\t\t<div class=\"video-wrap\">\r\n\t\t\t\t\t\t\t\t\r\n\t\t\t\t\t\t\t\t\r\n\t\t\t\t\t\t\t\t<video class=\"slider-video\" width=\"1800\" height=\"700\" preload=\"auto\" loop autoplay muted playsinline><source type=\"video\/mp4\" src=\"\/wp-content\/uploads\/2021\/09\/emc_new_video3.mp4\"><\/video><\/div> <div class=\"slide-bg-overlay\" style=\"background-color: transparent;\"> &nbsp; <\/div><\/div><\/div> <!--\/swiper-slide--><\/div><div class=\"nectar-slider-loading \"> <span class=\"loading-icon \">   <\/span> <\/div> <\/div> \r\n\t\t\t\t\t\r\n\t\t\t\t\t<\/div>[\/vc_column][\/vc_row][vc_row full_width=\u00bbstretch_row_content\u00bb video_bg=\u00bbyes\u00bb video_bg_url=\u00bbhttps:\/\/www.youtube.com\/embed\/ekNKtX_Wzrw\u00bb css_animation=\u00bbfadeInLeft\u00bb disable_element=\u00bbyes\u00bb el_class=\u00bbhome-sec1&#8243;][vc_column css_animation=\u00bbfadeInLeft\u00bb][vc_raw_html]JTNDZGl2JTIwY2xhc3MlM0QlMjJ2aWRlby1iYW5uZXIlMjIlM0UlMEElMEElM0N2aWRlbyUyMGNsYXNzJTNEJTIydmlkZW8tc3JjJTIyJTIwd2lkdGglM0QlMjIxMDAlMjUlMjIlMjBoZWlnaHQlM0QlMjI2NTBweCUyMiUyMGF1dG9wbGF5JTNEJTIyJTIyJTNFJTBBJTIwJTIwJTNDc291cmNlJTIwc3JjJTNEJTIyJTJGd3AtY29udGVudCUyRnVwbG9hZHMlMkYyMDIxJTJGMDglMkZwZXhlbHMtd29sZmdhbmctbGFuZ2VyLTY5MDE5OTYubXA0JTIyJTIwdHlwZSUzRCUyMnZpZGVvJTJGbXA0JTIyJTNFJTBBJTIwJTIwWW91ciUyMGJyb3dzZXIlMjBkb2VzJTIwbm90JTIwc3VwcG9ydCUyMHRoZSUyMHZpZGVvJTIwdGFnLiUwQSUzQyUyRnZpZGVvJTNFJTBBJTBBJTNDZGl2JTIwY2xhc3MlM0QlMjJ2aWRlby1jb250ZW50JTIyJTNFJTBBJTNDaDElM0VXZSVFMiU4MCU5OXJlJTIwaGFwcHklMjB0byUyMHN1cHBvcnQlM0NiciUzRSUwQXlvdXIlMjAlM0NzdHJvbmclM0VmaW5hbmNpYWwlM0NiciUzRSUwQWludGVyZXN0cy4lM0MlMkZzdHJvbmclM0UlM0MlMkZoMSUzRSUwQSUzQ2ElMjBocmVmJTNEJTIyJTIzJTIyJTNFRGlzY292ZXIlMjBNb3JlJTNDJTJGYSUzRSUwQSUzQyUyRmRpdiUzRSUwQSUwQSUzQyUyRmRpdiUzRQ==[\/vc_raw_html][\/vc_column][\/vc_row][vc_row full_width=\u00bbstretch_row_content\u00bb video_bg=\u00bbyes\u00bb video_bg_url=\u00bbhttps:\/\/youtu.be\/kj7ixi2lqF4&#8243; css_animation=\u00bbfadeInLeft\u00bb disable_element=\u00bbyes\u00bb el_class=\u00bbhome-sec1&#8243;][vc_column css_animation=\u00bbfadeInLeft\u00bb][vc_raw_html]JTNDaDElM0VXZSVFMiU4MCU5OXJlJTIwaGFwcHklMjB0byUyMHN1cHBvcnQlM0NiciUzRSUwQXlvdXIlMjAlM0NzdHJvbmclM0VmaW5hbmNpYWwlM0NiciUzRSUwQWludGVyZXN0cy4lM0MlMkZzdHJvbmclM0UlM0MlMkZoMSUzRSUwQSUwQSUzQ2ElMjBocmVmJTNEJTIyJTIzJTIyJTNFRGlzY292ZXIlMjBNb3JlJTNDJTJGYSUzRQ==[\/vc_raw_html][\/vc_column][\/vc_row][vc_row full_width=\u00bbstretch_row_content\u00bb el_class=\u00bbhome-sec2&#8243;][vc_column][vc_column_text css_animation=\u00bbfadeInLeft\u00bb]<\/p>\n<h2>SOBRE NOSOTROS<\/h2>\n<p>TENDER PUENTES ENTRE INVERSORES EN MERCADOS EMERGENTES Y SOLUCIONES DE CAPITAL PERSONALIZADAS A NIVEL MUNDIAL<\/p>\n<p>COMPROMISO CON LA INTEGRIDAD &#8211; EXPERIENCIA PROFUNDA EN TRANSACCIONES &#8211; EXPERIENCIA EN EL PA\u00cdS ANFITRI\u00d3N<\/p>\n<p>Matheus International LLC es una empresa boutique de asesor\u00eda financiera dedicada a brindar a los clientes de mercados emergentes soluciones personalizadas de asesoramiento en transacciones y aumento del capital enfocadas en el cliente.<\/p>\n<p>Matheus International est\u00e1 comprometido con el m\u00e1s alto nivel de integridad en sus operaciones, particularmente en lo que se refiere a los servicios al cliente y el impacto local en el pa\u00eds anfitri\u00f3n de una transacci\u00f3n propuesta.<\/p>\n<p>[\/vc_column_text][vc_btn title=\u00bbLea m\u00e1s\u00bb link=\u00bburl:https%3A%2F%2Fmatheusinternational.com%2Fes%2Fabout%2F|title:About\u00bb][vc_row_inner el_class=\u00bbhome-sec2-2&#8243;][vc_column_inner width=\u00bb1\/4&#8243;][vc_column_text css_animation=\u00bbfadeInUp\u00bb]<\/p>\n<p>&nbsp;<\/p>\n<ul>\n<li><img decoding=\"async\" src=\"\/es\/wp-content\/uploads\/2021\/07\/AccountingIcon.png\" \/>Accounting &amp; Finance<\/li>\n<\/ul>\n<p>Lorem ipsum is simply free text dolor sit amett consectetur adipiscing elit.[\/vc_column_text][\/vc_column_inner][vc_column_inner width=\u00bb1\/4&#8243;][vc_column_text css_animation=\u00bbfadeInDown\u00bb]<\/p>\n<ul>\n<li><img decoding=\"async\" src=\"\/es\/wp-content\/uploads\/2021\/07\/Consultancy.png\" \/>Consultancy &amp; Business<\/li>\n<\/ul>\n<p>Lorem ipsum is simply free text dolor sit amett consectetur adipiscing elit.[\/vc_column_text][\/vc_column_inner][vc_column_inner width=\u00bb1\/4&#8243;][vc_column_text css_animation=\u00bbfadeInUp\u00bb]<\/p>\n<ul>\n<li><img decoding=\"async\" src=\"\/es\/wp-content\/uploads\/2021\/07\/Tax.png\" \/>Tax and Legal Solutions<\/li>\n<\/ul>\n<p>Lorem ipsum is simply free text dolor sit amett consectetur adipiscing elit.[\/vc_column_text][\/vc_column_inner][vc_column_inner width=\u00bb1\/4&#8243;][vc_column_text css_animation=\u00bbfadeInDown\u00bb]<\/p>\n<ul>\n<li><img decoding=\"async\" src=\"\/es\/wp-content\/uploads\/2021\/07\/Managment.png\" \/>Managment &amp; Marketing<\/li>\n<\/ul>\n<p>Lorem ipsum is simply free text dolor sit amett consectetur adipiscing elit.[\/vc_column_text][\/vc_column_inner][\/vc_row_inner][\/vc_column][\/vc_row][vc_row full_width=\u00bbstretch_row\u00bb el_class=\u00bbhome-sec3&#8243;][vc_column][vc_column_text css_animation=\u00bbflipInY\u00bb]<\/p>\n<h2 style=\"text-align: center;\">Clases de activos<\/h2>\n<p>[\/vc_column_text][vc_row_inner disable_element=\u00bbyes\u00bb el_class=\u00bbhome-sec3-2&#8243;][vc_column_inner width=\u00bb1\/3&#8243;][vc_single_image image=\u00bb329&#8243; img_size=\u00bbfull\u00bb alignment=\u00bbcenter\u00bb css_animation=\u00bbbounceIn\u00bb][vc_column_text css_animation=\u00bbfadeInLeft\u00bb]<\/p>\n<h4 style=\"text-align: center;\">Finance Advise<\/h4>\n<p style=\"text-align: center;\">Sed quia magni dolores eos qui ratione voluptatem sequi nesciunt eque porro.<\/p>\n<p><center><br \/>\n<a class=\"sec3-a\" href=\"https:\/\/matheusinternational.com\/es\/services-2\/\"><br \/>\n<i class=\"fa fa-arrow-right\" aria-hidden=\"true\"><\/i><br \/>\n<\/a><\/center>[\/vc_column_text][\/vc_column_inner][vc_column_inner width=\u00bb1\/3&#8243;][vc_single_image image=\u00bb328&#8243; img_size=\u00bbfull\u00bb alignment=\u00bbcenter\u00bb css_animation=\u00bbbounceIn\u00bb][vc_column_text css_animation=\u00bbfadeInDownBig\u00bb]<\/p>\n<h4 style=\"text-align: center;\">Business Plan<\/h4>\n<p style=\"text-align: center;\">Sed quia magni dolores eos qui ratione voluptatem sequi nesciunt eque porro.<\/p>\n<p><center><br \/>\n<a class=\"sec3-a\" href=\"https:\/\/matheusinternational.com\/es\/services-2\/\"><br \/>\n<i class=\"fa fa-arrow-right\" aria-hidden=\"true\"><\/i><br \/>\n<\/a><\/center>[\/vc_column_text][\/vc_column_inner][vc_column_inner width=\u00bb1\/3&#8243;][vc_single_image image=\u00bb327&#8243; img_size=\u00bbfull\u00bb alignment=\u00bbcenter\u00bb css_animation=\u00bbbounceIn\u00bb][vc_column_text css_animation=\u00bbfadeInRight\u00bb]<\/p>\n<h4 style=\"text-align: center;\">Banking Advising<\/h4>\n<p style=\"text-align: center;\">Sed quia magni dolores eos qui ratione voluptatem sequi nesciunt eque porro.<\/p>\n<p><center><br \/>\n<a class=\"sec3-a\" href=\"https:\/\/matheusinternational.com\/es\/services-2\/\"><br \/>\n<i class=\"fa fa-arrow-right\" aria-hidden=\"true\"><\/i><br \/>\n<\/a><\/center>[\/vc_column_text][\/vc_column_inner][\/vc_row_inner][vc_row_inner el_class=\u00bbmservice1&#8243;][vc_column_inner width=\u00bb1\/3&#8243; css=\u00bb.vc_custom_1630696232769{background-image: url(https:\/\/matheusinternational.com\/es\/wp-content\/uploads\/2021\/08\/windfarm.jpg?id=368) !important;}\u00bb][vc_column_text]<\/p>\n<h2 style=\"text-align: center;\">GENERACI\u00d3N DE ENERG\u00cdA<\/h2>\n<p>[\/vc_column_text][\/vc_column_inner][vc_column_inner width=\u00bb1\/3&#8243; css=\u00bb.vc_custom_1630696259032{background-image: url(https:\/\/matheusinternational.com\/es\/wp-content\/uploads\/2021\/08\/infrastructure.jpg?id=371) !important;}\u00bb][vc_column_text]<\/p>\n<h2 style=\"text-align: center;\">INFRAESTRUCTURA<\/h2>\n<p>[\/vc_column_text][\/vc_column_inner][vc_column_inner width=\u00bb1\/3&#8243; css=\u00bb.vc_custom_1629994336103{background-image: url(https:\/\/matheusinternational.com\/es\/wp-content\/uploads\/2021\/08\/financial-institutions.jpg?id=370) !important;}\u00bb][vc_column_text]<\/p>\n<h2 style=\"text-align: center;\">INSTITUCIONES FINANCIERAS<\/h2>\n<p>[\/vc_column_text][\/vc_column_inner][\/vc_row_inner][vc_row_inner el_class=\u00bbmservice1&#8243;][vc_column_inner width=\u00bb1\/3&#8243; css=\u00bb.vc_custom_1629994369271{background-image: url(https:\/\/matheusinternational.com\/es\/wp-content\/uploads\/2021\/08\/ecommerce.jpg?id=369) !important;}\u00bb][vc_column_text]<\/p>\n<h2 style=\"text-align: center;\">COMERCIO ELECTR\u00d3NICO\/ EMPRESA A EMPRESA\/ FINTECH<\/h2>\n<p>[\/vc_column_text][\/vc_column_inner][vc_column_inner width=\u00bb1\/3&#8243; css=\u00bb.vc_custom_1629997835512{background-image: url(https:\/\/matheusinternational.com\/es\/wp-content\/uploads\/2021\/08\/microfinance.jpg?id=374) !important;}\u00bb][vc_column_text]<\/p>\n<h2 style=\"text-align: center;\">INCLUSI\u00d3N FINANCIERA<\/h2>\n<p>[\/vc_column_text][\/vc_column_inner][vc_column_inner width=\u00bb1\/3&#8243; css=\u00bb.vc_custom_1630360509464{background-image: url(https:\/\/matheusinternational.com\/es\/wp-content\/uploads\/2021\/08\/colombia-coffee-picker-exports.png?id=453) !important;}\u00bb][vc_column_text]<\/p>\n<h2 style=\"text-align: center;\">AGRICULTURA<\/h2>\n<p>[\/vc_column_text][\/vc_column_inner][\/vc_row_inner][\/vc_column][\/vc_row][vc_row full_width=\u00bbstretch_row\u00bb el_class=\u00bbhome-sec4&#8243;][vc_column][vc_column_text css_animation=\u00bbfadeInRight\u00bb]<\/p>\n<p style=\"text-align: center;\">HOW WE WORK<\/p>\n<h2 style=\"text-align: center;\">Our 3 Easy <strong>Working Steps<\/strong><\/h2>\n<p>[\/vc_column_text][vc_row_inner el_class=\u00bbhome-sec4-1&#8243;][vc_column_inner width=\u00bb1\/3&#8243;][vc_column_text css_animation=\u00bbbounceIn\u00bb]<\/p>\n<h2 style=\"text-align: center;\">Easy Starting<\/h2>\n<p style=\"text-align: center;\">Aellentesque porttitor lacus quis enim varius sed effitur turpis gilla sed amet.<\/p>\n<p>[\/vc_column_text][\/vc_column_inner][vc_column_inner width=\u00bb1\/3&#8243;][vc_column_text css_animation=\u00bbbounceIn\u00bb]<\/p>\n<h2 style=\"text-align: center;\">Quick Process<\/h2>\n<p style=\"text-align: center;\">Aellentesque porttitor lacus quis enim varius sed effitur turpis gilla sed amet.<\/p>\n<p>[\/vc_column_text][\/vc_column_inner][vc_column_inner width=\u00bb1\/3&#8243;][vc_column_text css_animation=\u00bbbounceIn\u00bb]<\/p>\n<h2 style=\"text-align: center;\">Happy Ending<\/h2>\n<p style=\"text-align: center;\">Aellentesque porttitor lacus quis enim varius sed effitur turpis gilla sed amet.<\/p>\n<p>[\/vc_column_text][\/vc_column_inner][\/vc_row_inner][vc_column_text css_animation=\u00bbfadeInLeft\u00bb]<\/p>\n<h1>Helping You Every Step<br \/>\n<strong>of the Way.<\/strong><\/h1>\n<p>[\/vc_column_text][\/vc_column][\/vc_row]<\/p>\n","protected":false},"excerpt":{"rendered":"<p>[vc_row full_width=\u00bbstretch_row_content\u00bb css_animation=\u00bbfadeInLeft\u00bb el_class=\u00bbhome-sec1 banner\u00bb][vc_column css_animation=\u00bbfadeInLeft\u00bb][\/vc_column][\/vc_row][vc_row full_width=\u00bbstretch_row_content\u00bb video_bg=\u00bbyes\u00bb video_bg_url=\u00bbhttps:\/\/www.youtube.com\/embed\/ekNKtX_Wzrw\u00bb css_animation=\u00bbfadeInLeft\u00bb disable_element=\u00bbyes\u00bb el_class=\u00bbhome-sec1&#8243;][vc_column css_animation=\u00bbfadeInLeft\u00bb][vc_raw_html]JTNDZGl2JTIwY2xhc3MlM0QlMjJ2aWRlby1iYW5uZXIlMjIlM0UlMEElMEElM0N2aWRlbyUyMGNsYXNzJTNEJTIydmlkZW8tc3JjJTIyJTIwd2lkdGglM0QlMjIxMDAlMjUlMjIlMjBoZWlnaHQlM0QlMjI2NTBweCUyMiUyMGF1dG9wbGF5JTNEJTIyJTIyJTNFJTBBJTIwJTIwJTNDc291cmNlJTIwc3JjJTNEJTIyJTJGd3AtY29udGVudCUyRnVwbG9hZHMlMkYyMDIxJTJGMDglMkZwZXhlbHMtd29sZmdhbmctbGFuZ2VyLTY5MDE5OTYubXA0JTIyJTIwdHlwZSUzRCUyMnZpZGVvJTJGbXA0JTIyJTNFJTBBJTIwJTIwWW91ciUyMGJyb3dzZXIlMjBkb2VzJTIwbm90JTIwc3VwcG9ydCUyMHRoZSUyMHZpZGVvJTIwdGFnLiUwQSUzQyUyRnZpZGVvJTNFJTBBJTBBJTNDZGl2JTIwY2xhc3MlM0QlMjJ2aWRlby1jb250ZW50JTIyJTNFJTBBJTNDaDElM0VXZSVFMiU4MCU5OXJlJTIwaGFwcHklMjB0byUyMHN1cHBvcnQlM0NiciUzRSUwQXlvdXIlMjAlM0NzdHJvbmclM0VmaW5hbmNpYWwlM0NiciUzRSUwQWludGVyZXN0cy4lM0MlMkZzdHJvbmclM0UlM0MlMkZoMSUzRSUwQSUzQ2ElMjBocmVmJTNEJTIyJTIzJTIyJTNFRGlzY292ZXIlMjBNb3JlJTNDJTJGYSUzRSUwQSUzQyUyRmRpdiUzRSUwQSUwQSUzQyUyRmRpdiUzRQ==[\/vc_raw_html][\/vc_column][\/vc_row][vc_row full_width=\u00bbstretch_row_content\u00bb video_bg=\u00bbyes\u00bb video_bg_url=\u00bbhttps:\/\/youtu.be\/kj7ixi2lqF4&#8243; css_animation=\u00bbfadeInLeft\u00bb disable_element=\u00bbyes\u00bb el_class=\u00bbhome-sec1&#8243;][vc_column css_animation=\u00bbfadeInLeft\u00bb][vc_raw_html]JTNDaDElM0VXZSVFMiU4MCU5OXJlJTIwaGFwcHklMjB0byUyMHN1cHBvcnQlM0NiciUzRSUwQXlvdXIlMjAlM0NzdHJvbmclM0VmaW5hbmNpYWwlM0NiciUzRSUwQWludGVyZXN0cy4lM0MlMkZzdHJvbmclM0UlM0MlMkZoMSUzRSUwQSUwQSUzQ2ElMjBocmVmJTNEJTIyJTIzJTIyJTNFRGlzY292ZXIlMjBNb3JlJTNDJTJGYSUzRQ==[\/vc_raw_html][\/vc_column][\/vc_row][vc_row full_width=\u00bbstretch_row_content\u00bb el_class=\u00bbhome-sec2&#8243;][vc_column][vc_column_text css_animation=\u00bbfadeInLeft\u00bb] SOBRE NOSOTROS TENDER PUENTES ENTRE INVERSORES EN MERCADOS EMERGENTES Y SOLUCIONES DE CAPITAL PERSONALIZADAS A NIVEL MUNDIAL COMPROMISO CON LA INTEGRIDAD &#8211; EXPERIENCIA PROFUNDA EN TRANSACCIONES &#8211; EXPERIENCIA EN EL PA\u00cdS ANFITRI\u00d3N [&hellip;]<\/p>\n","protected":false},"author":1,"featured_media":0,"parent":0,"menu_order":0,"comment_status":"closed","ping_status":"closed","template":"","meta":{"footnotes":""},"_links":{"self":[{"href":"https:\/\/matheusinternational.com\/es\/wp-json\/wp\/v2\/pages\/13"}],"collection":[{"href":"https:\/\/matheusinternational.com\/es\/wp-json\/wp\/v2\/pages"}],"about":[{"href":"https:\/\/matheusinternational.com\/es\/wp-json\/wp\/v2\/types\/page"}],"author":[{"embeddable":true,"href":"https:\/\/matheusinternational.com\/es\/wp-json\/wp\/v2\/users\/1"}],"replies":[{"embeddable":true,"href":"https:\/\/matheusinternational.com\/es\/wp-json\/wp\/v2\/comments?post=13"}],"version-history":[{"count":141,"href":"https:\/\/matheusinternational.com\/es\/wp-json\/wp\/v2\/pages\/13\/revisions"}],"predecessor-version":[{"id":569,"href":"https:\/\/matheusinternational.com\/es\/wp-json\/wp\/v2\/pages\/13\/revisions\/569"}],"wp:attachment":[{"href":"https:\/\/matheusinternational.com\/es\/wp-json\/wp\/v2\/media?parent=13"}],"curies":[{"name":"wp","href":"https:\/\/api.w.org\/{rel}","templated":true}]}}